{"id":6,"date":"2017-08-30T06:34:05","date_gmt":"2017-08-30T05:34:05","guid":{"rendered":"http:\/\/zahnarzt-tarp.de\/?page_id=6"},"modified":"2023-09-26T09:02:36","modified_gmt":"2023-09-26T08:02:36","slug":"home","status":"publish","type":"page","link":"https:\/\/www.zahnarzt-tarp.de\/","title":{"rendered":"Damit Sie l\u00e4cheln k\u00f6nnen &#8211; ein Leben lang&#8230;"},"content":{"rendered":"<p style=\"text-align: justify;\"><span style=\"font-family: tahoma, arial, helvetica, sans-serif;\">\u2026 sind unser Wissen und unsere Ausstattung auf dem neuesten Stand. Damit Sie sicher sein k\u00f6nnen, bei uns in den besten H\u00e4nden zu sein, bilden wir uns st\u00e4ndig fort, eignen uns Spezialwissen an und integrieren in unsere Praxis die modernsten Methoden und Ger\u00e4te, die sich in klinischen Studien bew\u00e4hrt und uns so \u00fcberzeugt haben, dass sie uns helfen, Ihnen die individuell beste Versorgung Ihrer Z\u00e4hne zu gew\u00e4hrleisten.<\/span><\/p>\n<p style=\"text-align: justify;\"><span style=\"font-family: tahoma, arial, helvetica, sans-serif;\">Unser MVZ bietet Ihnen mit einem hauseigenen Dentallabor individuell auf Sie angepasste L\u00f6sungen f\u00fcr jede Not, denn Ihr L\u00e4cheln, in \u00e4sthetischer und funktioneller Perfektion, ist uns wichtig. Und daf\u00fcr sorgen wir mit allen Leistungen, die f\u00fcr die Sch\u00f6nheit und Langlebigkeit Ihrer Z\u00e4hne wichtig sind.&nbsp;Eine ausf\u00fchrliche Beratung, viel Zeit f\u00fcr Ihre W\u00fcnsche, Fragen und \u00c4ngste, ein umfassendes Konzept, das Sie in den Mittelpunkt stellt und hochwertige Materialien sind nur einige Punkte, die uns dabei selbstverst\u00e4ndlich sind. Denn unser Ziel ist Ihre Zahngesundheit &#8211; ein Leben lang. <\/span><\/p>\n<p style=\"text-align: justify;\"><span style=\"font-family: tahoma, arial, helvetica, sans-serif;\">Sollte es dennoch mal zu einem Zahnverlust gekommen sein, bieten wir Ihnen alle Leistungen, die&nbsp;Ihr nat\u00fcrliches L\u00e4cheln wiederherstellen, ein L\u00e4cheln mit Z\u00e4hnen, die sich wie Ihre eigenen anf\u00fchlen und verhalten, wof\u00fcr z.B. der perfekte Sitz eines Implantats oder die Unsichtbarkeit einer Zahnkrone f\u00fcr uns selbstverst\u00e4ndlich sind.<\/span><\/p>\n<p><span style=\"font-family: tahoma, arial, helvetica, sans-serif; font-size: 14pt;\"><strong>&#8230;denn &#8222;wer den Tag mit einem L\u00e4cheln beginnt, hat schon gewonnen&#8220; <\/strong><span style=\"font-size: 12pt;\">(Cicero)<\/span>.<\/span><\/p>\n<p>&nbsp;<\/p>\n<p>&nbsp;<\/p>\n","protected":false},"excerpt":{"rendered":"<p>\u2026 sind unser Wissen und unsere Ausstattung auf dem neuesten Stand. Damit Sie sicher sein k\u00f6nnen, bei uns in den besten H\u00e4nden zu sein, bilden wir uns st\u00e4ndig fort, eignen uns Spezialwissen an und integrieren in unsere Praxis die modernsten &hellip; <a href=\"https:\/\/www.zahnarzt-tarp.de\/\">Weiterlesen <span class=\"meta-nav\">&rarr;<\/span><\/a><\/p>\n","protected":false},"author":1,"featured_media":335,"parent":0,"menu_order":1,"comment_status":"closed","ping_status":"closed","template":"onecolumn-page.php","meta":{"footnotes":""},"class_list":["post-6","page","type-page","status-publish","has-post-thumbnail","hentry"],"_links":{"self":[{"href":"https:\/\/www.zahnarzt-tarp.de\/index.php?rest_route=\/wp\/v2\/pages\/6","targetHints":{"allow":["GET"]}}],"collection":[{"href":"https:\/\/www.zahnarzt-tarp.de\/index.php?rest_route=\/wp\/v2\/pages"}],"about":[{"href":"https:\/\/www.zahnarzt-tarp.de\/index.php?rest_route=\/wp\/v2\/types\/page"}],"author":[{"embeddable":true,"href":"https:\/\/www.zahnarzt-tarp.de\/index.php?rest_route=\/wp\/v2\/users\/1"}],"replies":[{"embeddable":true,"href":"https:\/\/www.zahnarzt-tarp.de\/index.php?rest_route=%2Fwp%2Fv2%2Fcomments&post=6"}],"version-history":[{"count":15,"href":"https:\/\/www.zahnarzt-tarp.de\/index.php?rest_route=\/wp\/v2\/pages\/6\/revisions"}],"predecessor-version":[{"id":902,"href":"https:\/\/www.zahnarzt-tarp.de\/index.php?rest_route=\/wp\/v2\/pages\/6\/revisions\/902"}],"wp:featuredmedia":[{"embeddable":true,"href":"https:\/\/www.zahnarzt-tarp.de\/index.php?rest_route=\/wp\/v2\/media\/335"}],"wp:attachment":[{"href":"https:\/\/www.zahnarzt-tarp.de\/index.php?rest_route=%2Fwp%2Fv2%2Fmedia&parent=6"}],"curies":[{"name":"wp","href":"https:\/\/api.w.org\/{rel}","templated":true}]}}