{"id":365,"date":"2017-10-26T12:13:55","date_gmt":"2017-10-26T11:13:55","guid":{"rendered":"http:\/\/www.zahnarzt-tarp.de\/?page_id=365"},"modified":"2017-12-28T13:21:08","modified_gmt":"2017-12-28T12:21:08","slug":"besondere-ausstattung","status":"publish","type":"page","link":"https:\/\/www.zahnarzt-tarp.de\/?page_id=365","title":{"rendered":"Besondere Ausstattung"},"content":{"rendered":"<p><span style=\"font-family: tahoma, arial, helvetica, sans-serif;\">&#8211; Leider mussten wir alle Markennamen aus rechtlichen Gr\u00fcnden von unserer Seite entfernen. Aber z\u00f6gern Sie nicht uns danach zu fragen. &#8211;\u00a0<\/span><\/p>\n<p><span style=\"font-family: tahoma, arial, helvetica, sans-serif;\">Prophylaxe:<\/span><\/p>\n<ul>\n<li><span style=\"font-family: tahoma, arial, helvetica, sans-serif;\">Perioflowger\u00e4t &#8211; sanfte, schmerzfreie, gewebeschonende Reinigung ohne Zahnabtrag<\/span><\/li>\n<li><span style=\"font-family: tahoma, arial, helvetica, sans-serif;\">Intraorale Kamera &#8211;\u00a0zur Zahnvergr\u00f6\u00dferung direkt auf dem Monitor neben dem Stuhl<\/span><\/li>\n<li><span style=\"font-family: tahoma, arial, helvetica, sans-serif;\">Diagnodentpen &#8211; Fluoreszenz gest\u00fctzte Kariesdiagnostik mit einem Handger\u00e4t<\/span><\/li>\n<\/ul>\n<p><span style=\"font-family: tahoma, arial, helvetica, sans-serif;\">Zahnmedizin:<em><br \/>\n<\/em><\/span><\/p>\n<ul>\n<li style=\"text-align: justify;\"><span style=\"font-family: tahoma, arial, helvetica, sans-serif;\">Wir arbeiten mit einem der effektivsten erh\u00e4ltlichen Laser. Er arbeitet ohne Ber\u00fchrung, sodass nur das gew\u00fcnschte Gewebe bearbeitet wird und die Nerven nicht mit Schmerz reagieren.<\/span><\/li>\n<\/ul>\n<p><img loading=\"lazy\" decoding=\"async\" class=\"aligncenter wp-image-377 size-medium\" style=\"border: 3px solid grey;\" src=\"http:\/\/www.zahnarzt-tarp.de\/wp-content\/uploads\/2017\/11\/IMG_9793-e1509642746272-225x300.jpg\" alt=\"\" width=\"225\" height=\"300\" srcset=\"https:\/\/www.zahnarzt-tarp.de\/wp-content\/uploads\/2017\/11\/IMG_9793-e1509642746272-225x300.jpg 225w, https:\/\/www.zahnarzt-tarp.de\/wp-content\/uploads\/2017\/11\/IMG_9793-e1509642746272-768x1024.jpg 768w, https:\/\/www.zahnarzt-tarp.de\/wp-content\/uploads\/2017\/11\/IMG_9793-e1509642746272.jpg 1512w\" sizes=\"auto, (max-width: 225px) 100vw, 225px\" \/><\/p>\n<ul>\n<li><span style=\"font-family: tahoma, arial, helvetica, sans-serif;\">Unser Dental Mikroskop mit 40 facher Vergr\u00f6\u00dferung, liefert brillante Bilder.<\/span><\/li>\n<\/ul>\n<p><img loading=\"lazy\" decoding=\"async\" class=\"aligncenter wp-image-225 size-medium\" style=\"border: 3px solid grey;\" src=\"http:\/\/www.zahnarzt-tarp.de\/wp-content\/uploads\/2017\/09\/Mikroskop-Kopie-300x200.jpg\" alt=\"\" width=\"300\" height=\"200\" srcset=\"https:\/\/www.zahnarzt-tarp.de\/wp-content\/uploads\/2017\/09\/Mikroskop-Kopie-300x200.jpg 300w, https:\/\/www.zahnarzt-tarp.de\/wp-content\/uploads\/2017\/09\/Mikroskop-Kopie-768x511.jpg 768w, https:\/\/www.zahnarzt-tarp.de\/wp-content\/uploads\/2017\/09\/Mikroskop-Kopie-1024x682.jpg 1024w\" sizes=\"auto, (max-width: 300px) 100vw, 300px\" \/><\/p>\n<ul>\n<li><span style=\"font-family: tahoma, arial, helvetica, sans-serif;\">Digitale R\u00f6ntgenger\u00e4te f\u00fcr Einzelaufnahmen in jedem Behandlungsraum.<\/span><\/li>\n<\/ul>\n<p><img loading=\"lazy\" decoding=\"async\" class=\"aligncenter wp-image-371 size-medium\" style=\"border: 3px solid grey;\" src=\"http:\/\/www.zahnarzt-tarp.de\/wp-content\/uploads\/2017\/11\/IMG_9802-e1509642831747-225x300.jpg\" alt=\"\" width=\"225\" height=\"300\" srcset=\"https:\/\/www.zahnarzt-tarp.de\/wp-content\/uploads\/2017\/11\/IMG_9802-e1509642831747-225x300.jpg 225w, https:\/\/www.zahnarzt-tarp.de\/wp-content\/uploads\/2017\/11\/IMG_9802-e1509642831747-768x1024.jpg 768w, https:\/\/www.zahnarzt-tarp.de\/wp-content\/uploads\/2017\/11\/IMG_9802-e1509642831747.jpg 1512w\" sizes=\"auto, (max-width: 225px) 100vw, 225px\" \/><\/p>\n<ul>\n<li><span style=\"font-family: tahoma, arial, helvetica, sans-serif;\">Das neuste Modell der Maschine zur Fertigung von Br\u00fccken, Kronen, Inlay, Onlays und Veneers.<\/span><\/li>\n<\/ul>\n<p><img loading=\"lazy\" decoding=\"async\" class=\"aligncenter wp-image-376 size-medium\" style=\"border: 3px solid grey;\" src=\"http:\/\/www.zahnarzt-tarp.de\/wp-content\/uploads\/2017\/11\/IMG_9807-300x225.jpg\" alt=\"\" width=\"300\" height=\"225\" srcset=\"https:\/\/www.zahnarzt-tarp.de\/wp-content\/uploads\/2017\/11\/IMG_9807-300x225.jpg 300w, https:\/\/www.zahnarzt-tarp.de\/wp-content\/uploads\/2017\/11\/IMG_9807-768x576.jpg 768w, https:\/\/www.zahnarzt-tarp.de\/wp-content\/uploads\/2017\/11\/IMG_9807-1024x768.jpg 1024w, https:\/\/www.zahnarzt-tarp.de\/wp-content\/uploads\/2017\/11\/IMG_9807.jpg 2016w\" sizes=\"auto, (max-width: 300px) 100vw, 300px\" \/><\/p>\n<ul>\n<li><span style=\"font-family: tahoma, arial, helvetica, sans-serif;\">Digitaler Intraoraler Scan, besonders genaue Abformung ohne Abdruckl\u00f6ffel.<\/span><\/li>\n<\/ul>\n<p><img loading=\"lazy\" decoding=\"async\" class=\"wp-image-374 size-medium aligncenter\" style=\"border: 3px solid grey;\" src=\"http:\/\/www.zahnarzt-tarp.de\/wp-content\/uploads\/2017\/11\/IMG_9805-e1509642770524-225x300.jpg\" alt=\"\" width=\"225\" height=\"300\" srcset=\"https:\/\/www.zahnarzt-tarp.de\/wp-content\/uploads\/2017\/11\/IMG_9805-e1509642770524-225x300.jpg 225w, https:\/\/www.zahnarzt-tarp.de\/wp-content\/uploads\/2017\/11\/IMG_9805-e1509642770524-768x1024.jpg 768w, https:\/\/www.zahnarzt-tarp.de\/wp-content\/uploads\/2017\/11\/IMG_9805-e1509642770524.jpg 1512w\" sizes=\"auto, (max-width: 225px) 100vw, 225px\" \/><\/p>\n<div align=\"justify\"><\/div>\n<div class=\"inline-block\"><\/div>\n","protected":false},"excerpt":{"rendered":"<p>&#8211; Leider mussten wir alle Markennamen aus rechtlichen Gr\u00fcnden von unserer Seite entfernen. Aber z\u00f6gern Sie nicht uns danach zu fragen. &#8211;\u00a0 Prophylaxe: Perioflowger\u00e4t &#8211; sanfte, schmerzfreie, gewebeschonende Reinigung ohne Zahnabtrag Intraorale Kamera &#8211;\u00a0zur Zahnvergr\u00f6\u00dferung direkt auf dem Monitor neben &hellip; <a href=\"https:\/\/www.zahnarzt-tarp.de\/?page_id=365\">Weiterlesen <span class=\"meta-nav\">&rarr;<\/span><\/a><\/p>\n","protected":false},"author":1,"featured_media":0,"parent":0,"menu_order":0,"comment_status":"closed","ping_status":"closed","template":"","meta":{"footnotes":""},"class_list":["post-365","page","type-page","status-publish","hentry"],"_links":{"self":[{"href":"https:\/\/www.zahnarzt-tarp.de\/index.php?rest_route=\/wp\/v2\/pages\/365","targetHints":{"allow":["GET"]}}],"collection":[{"href":"https:\/\/www.zahnarzt-tarp.de\/index.php?rest_route=\/wp\/v2\/pages"}],"about":[{"href":"https:\/\/www.zahnarzt-tarp.de\/index.php?rest_route=\/wp\/v2\/types\/page"}],"author":[{"embeddable":true,"href":"https:\/\/www.zahnarzt-tarp.de\/index.php?rest_route=\/wp\/v2\/users\/1"}],"replies":[{"embeddable":true,"href":"https:\/\/www.zahnarzt-tarp.de\/index.php?rest_route=%2Fwp%2Fv2%2Fcomments&post=365"}],"version-history":[{"count":3,"href":"https:\/\/www.zahnarzt-tarp.de\/index.php?rest_route=\/wp\/v2\/pages\/365\/revisions"}],"predecessor-version":[{"id":420,"href":"https:\/\/www.zahnarzt-tarp.de\/index.php?rest_route=\/wp\/v2\/pages\/365\/revisions\/420"}],"wp:attachment":[{"href":"https:\/\/www.zahnarzt-tarp.de\/index.php?rest_route=%2Fwp%2Fv2%2Fmedia&parent=365"}],"curies":[{"name":"wp","href":"https:\/\/api.w.org\/{rel}","templated":true}]}}