{"id":343,"date":"2017-10-24T09:52:30","date_gmt":"2017-10-24T08:52:30","guid":{"rendered":"http:\/\/www.zahnarzt-tarp.de\/?page_id=343"},"modified":"2017-10-26T11:37:09","modified_gmt":"2017-10-26T10:37:09","slug":"unsere-raeume","status":"publish","type":"page","link":"https:\/\/www.zahnarzt-tarp.de\/?page_id=343","title":{"rendered":"Unsere R\u00e4ume"},"content":{"rendered":"<p><span style=\"font-family: tahoma, arial, helvetica, sans-serif;\">Wenn Sie unsere Praxis betreten, begr\u00fc\u00dfen wir Sie am Empfang:<\/span><\/p>\n<p><img loading=\"lazy\" decoding=\"async\" class=\"alignnone wp-image-335\" style=\"border: 3px solid grey;\" src=\"http:\/\/www.zahnarzt-tarp.de\/wp-content\/uploads\/2017\/10\/Eingang1-300x93.jpg\" alt=\"\" width=\"490\" height=\"152\" srcset=\"https:\/\/www.zahnarzt-tarp.de\/wp-content\/uploads\/2017\/10\/Eingang1-300x93.jpg 300w, https:\/\/www.zahnarzt-tarp.de\/wp-content\/uploads\/2017\/10\/Eingang1-768x238.jpg 768w, https:\/\/www.zahnarzt-tarp.de\/wp-content\/uploads\/2017\/10\/Eingang1-1024x318.jpg 1024w\" sizes=\"auto, (max-width: 490px) 100vw, 490px\" \/><\/p>\n<p><span style=\"font-family: tahoma, arial, helvetica, sans-serif;\">Und bitten Sie, nachdem Sie sich angemeldet haben oder die ersten Unterlagen ausgef\u00fcllt haben, zun\u00e4chst noch einen Augenblick im Wartezimmer Platz zu nehmen:<\/span><\/p>\n<p><img loading=\"lazy\" decoding=\"async\" class=\"alignnone wp-image-327\" style=\"border: 3px solid grey;\" src=\"http:\/\/www.zahnarzt-tarp.de\/wp-content\/uploads\/2017\/10\/Wartezimmer-300x100.jpg\" alt=\"\" width=\"495\" height=\"165\" srcset=\"https:\/\/www.zahnarzt-tarp.de\/wp-content\/uploads\/2017\/10\/Wartezimmer-300x100.jpg 300w, https:\/\/www.zahnarzt-tarp.de\/wp-content\/uploads\/2017\/10\/Wartezimmer-768x255.jpg 768w, https:\/\/www.zahnarzt-tarp.de\/wp-content\/uploads\/2017\/10\/Wartezimmer-1024x340.jpg 1024w\" sizes=\"auto, (max-width: 495px) 100vw, 495px\" \/><\/p>\n<p><span style=\"font-family: tahoma, arial, helvetica, sans-serif;\">Anschlie\u00dfend begleiten Sie unsere zahn\u00e4rztlichen Assistentinnen in einen der Behandlungsr\u00e4ume:<\/span><\/p>\n<p><img loading=\"lazy\" decoding=\"async\" class=\"alignnone wp-image-341 size-medium\" style=\"border: 3px solid grey;\" src=\"http:\/\/www.zahnarzt-tarp.de\/wp-content\/uploads\/2017\/10\/Behandlung1-300x225.jpg\" alt=\"\" width=\"300\" height=\"225\" srcset=\"https:\/\/www.zahnarzt-tarp.de\/wp-content\/uploads\/2017\/10\/Behandlung1-300x225.jpg 300w, https:\/\/www.zahnarzt-tarp.de\/wp-content\/uploads\/2017\/10\/Behandlung1-768x576.jpg 768w, https:\/\/www.zahnarzt-tarp.de\/wp-content\/uploads\/2017\/10\/Behandlung1-1024x768.jpg 1024w\" sizes=\"auto, (max-width: 300px) 100vw, 300px\" \/>\u00a0 <span style=\"font-family: tahoma, arial, helvetica, sans-serif;\">Behandlung 1 &#8211; Prophylaxe<\/span><\/p>\n<p><img loading=\"lazy\" decoding=\"async\" class=\"alignnone wp-image-340 size-medium\" style=\"border: 3px solid grey;\" src=\"http:\/\/www.zahnarzt-tarp.de\/wp-content\/uploads\/2017\/10\/Behandlung2-300x200.jpg\" alt=\"\" width=\"300\" height=\"200\" srcset=\"https:\/\/www.zahnarzt-tarp.de\/wp-content\/uploads\/2017\/10\/Behandlung2-300x200.jpg 300w, https:\/\/www.zahnarzt-tarp.de\/wp-content\/uploads\/2017\/10\/Behandlung2-768x511.jpg 768w, https:\/\/www.zahnarzt-tarp.de\/wp-content\/uploads\/2017\/10\/Behandlung2-1024x681.jpg 1024w\" sizes=\"auto, (max-width: 300px) 100vw, 300px\" \/>\u00a0<span style=\"font-family: tahoma, arial, helvetica, sans-serif;\">Behandlung 2<\/span><\/p>\n<p><img loading=\"lazy\" decoding=\"async\" class=\"alignnone wp-image-339 size-medium\" style=\"border: 3px solid grey;\" src=\"http:\/\/www.zahnarzt-tarp.de\/wp-content\/uploads\/2017\/10\/Behandlung3-300x225.jpg\" alt=\"\" width=\"300\" height=\"225\" srcset=\"https:\/\/www.zahnarzt-tarp.de\/wp-content\/uploads\/2017\/10\/Behandlung3-300x225.jpg 300w, https:\/\/www.zahnarzt-tarp.de\/wp-content\/uploads\/2017\/10\/Behandlung3-768x576.jpg 768w, https:\/\/www.zahnarzt-tarp.de\/wp-content\/uploads\/2017\/10\/Behandlung3-1024x768.jpg 1024w\" sizes=\"auto, (max-width: 300px) 100vw, 300px\" \/>\u00a0<span style=\"font-family: tahoma, arial, helvetica, sans-serif;\">Behandlung 3<\/span><\/p>\n<p><img loading=\"lazy\" decoding=\"async\" class=\"alignnone wp-image-338\" style=\"border: 3px solid grey;\" src=\"http:\/\/www.zahnarzt-tarp.de\/wp-content\/uploads\/2017\/10\/Behandlung4-300x87.jpg\" alt=\"\" width=\"569\" height=\"165\" srcset=\"https:\/\/www.zahnarzt-tarp.de\/wp-content\/uploads\/2017\/10\/Behandlung4-300x87.jpg 300w, https:\/\/www.zahnarzt-tarp.de\/wp-content\/uploads\/2017\/10\/Behandlung4-768x224.jpg 768w, https:\/\/www.zahnarzt-tarp.de\/wp-content\/uploads\/2017\/10\/Behandlung4-1024x298.jpg 1024w\" sizes=\"auto, (max-width: 569px) 100vw, 569px\" \/>\u00a0<span style=\"font-family: tahoma, arial, helvetica, sans-serif;\">Behandlung 4<\/span><\/p>\n<p><img loading=\"lazy\" decoding=\"async\" class=\"alignnone wp-image-337 size-medium\" style=\"border: 3px solid grey;\" src=\"http:\/\/www.zahnarzt-tarp.de\/wp-content\/uploads\/2017\/10\/Behandlung5-300x200.jpg\" alt=\"\" width=\"300\" height=\"200\" srcset=\"https:\/\/www.zahnarzt-tarp.de\/wp-content\/uploads\/2017\/10\/Behandlung5-300x200.jpg 300w, https:\/\/www.zahnarzt-tarp.de\/wp-content\/uploads\/2017\/10\/Behandlung5-768x511.jpg 768w, https:\/\/www.zahnarzt-tarp.de\/wp-content\/uploads\/2017\/10\/Behandlung5-1024x681.jpg 1024w\" sizes=\"auto, (max-width: 300px) 100vw, 300px\" \/>\u00a0<span style=\"font-family: tahoma, arial, helvetica, sans-serif;\">Behandlung 5 &#8211; f\u00fcr die Prophylaxe<\/span><\/p>\n<p><span style=\"font-family: tahoma, arial, helvetica, sans-serif;\">L\u00e4ngere Gespr\u00e4che zur individuellen Planung Ihrer Behandlung f\u00fchren wir mit Ihnen im Besprechungsraum:<\/span><\/p>\n<p><img loading=\"lazy\" decoding=\"async\" class=\"alignnone wp-image-336\" style=\"border: 3px solid grey;\" src=\"http:\/\/www.zahnarzt-tarp.de\/wp-content\/uploads\/2017\/10\/Beratung-300x82.jpg\" alt=\"\" width=\"571\" height=\"156\" srcset=\"https:\/\/www.zahnarzt-tarp.de\/wp-content\/uploads\/2017\/10\/Beratung-300x82.jpg 300w, https:\/\/www.zahnarzt-tarp.de\/wp-content\/uploads\/2017\/10\/Beratung-768x209.jpg 768w, https:\/\/www.zahnarzt-tarp.de\/wp-content\/uploads\/2017\/10\/Beratung-1024x279.jpg 1024w\" sizes=\"auto, (max-width: 571px) 100vw, 571px\" \/><\/p>\n<p><span style=\"font-family: tahoma, arial, helvetica, sans-serif;\">Unser R\u00f6ntgenraum:<\/span><\/p>\n<p><img loading=\"lazy\" decoding=\"async\" class=\"alignnone wp-image-329 size-medium\" style=\"border: 3px solid grey;\" src=\"http:\/\/www.zahnarzt-tarp.de\/wp-content\/uploads\/2017\/10\/R\u00f6ntgen-200x300.jpg\" alt=\"\" width=\"200\" height=\"300\" srcset=\"https:\/\/www.zahnarzt-tarp.de\/wp-content\/uploads\/2017\/10\/R\u00f6ntgen-200x300.jpg 200w, https:\/\/www.zahnarzt-tarp.de\/wp-content\/uploads\/2017\/10\/R\u00f6ntgen-768x1154.jpg 768w, https:\/\/www.zahnarzt-tarp.de\/wp-content\/uploads\/2017\/10\/R\u00f6ntgen-681x1024.jpg 681w\" sizes=\"auto, (max-width: 200px) 100vw, 200px\" \/><\/p>\n<p><span style=\"font-family: tahoma, arial, helvetica, sans-serif;\">Hier bewahren wir einiges an Material f\u00fcr Sie auf:<\/span><\/p>\n<p><img loading=\"lazy\" decoding=\"async\" class=\"alignnone wp-image-333 size-medium\" style=\"border: 3px solid grey;\" src=\"http:\/\/www.zahnarzt-tarp.de\/wp-content\/uploads\/2017\/10\/Lager-200x300.jpg\" alt=\"\" width=\"200\" height=\"300\" srcset=\"https:\/\/www.zahnarzt-tarp.de\/wp-content\/uploads\/2017\/10\/Lager-200x300.jpg 200w, https:\/\/www.zahnarzt-tarp.de\/wp-content\/uploads\/2017\/10\/Lager-768x1154.jpg 768w, https:\/\/www.zahnarzt-tarp.de\/wp-content\/uploads\/2017\/10\/Lager-681x1024.jpg 681w\" sizes=\"auto, (max-width: 200px) 100vw, 200px\" \/>\u00a0<span style=\"font-family: tahoma, arial, helvetica, sans-serif;\">Das Lager<\/span><\/p>\n<p><span style=\"font-family: tahoma, arial, helvetica, sans-serif;\">In diesem Raum bereiten wir die Instrumente auf:<\/span><\/p>\n<p><img loading=\"lazy\" decoding=\"async\" class=\"alignnone wp-image-328 size-medium\" style=\"border: 3px solid grey;\" src=\"http:\/\/www.zahnarzt-tarp.de\/wp-content\/uploads\/2017\/10\/Steri-300x200.jpg\" alt=\"\" width=\"300\" height=\"200\" srcset=\"https:\/\/www.zahnarzt-tarp.de\/wp-content\/uploads\/2017\/10\/Steri-300x200.jpg 300w, https:\/\/www.zahnarzt-tarp.de\/wp-content\/uploads\/2017\/10\/Steri-768x511.jpg 768w, https:\/\/www.zahnarzt-tarp.de\/wp-content\/uploads\/2017\/10\/Steri-1024x681.jpg 1024w\" sizes=\"auto, (max-width: 300px) 100vw, 300px\" \/>\u00a0<span style=\"font-family: tahoma, arial, helvetica, sans-serif;\">Der Steri\u00a0<\/span><\/p>\n","protected":false},"excerpt":{"rendered":"<p>Wenn Sie unsere Praxis betreten, begr\u00fc\u00dfen wir Sie am Empfang: Und bitten Sie, nachdem Sie sich angemeldet haben oder die ersten Unterlagen ausgef\u00fcllt haben, zun\u00e4chst noch einen Augenblick im Wartezimmer Platz zu nehmen: Anschlie\u00dfend begleiten Sie unsere zahn\u00e4rztlichen Assistentinnen in &hellip; <a href=\"https:\/\/www.zahnarzt-tarp.de\/?page_id=343\">Weiterlesen <span class=\"meta-nav\">&rarr;<\/span><\/a><\/p>\n","protected":false},"author":1,"featured_media":0,"parent":0,"menu_order":0,"comment_status":"closed","ping_status":"closed","template":"","meta":{"footnotes":""},"class_list":["post-343","page","type-page","status-publish","hentry"],"_links":{"self":[{"href":"https:\/\/www.zahnarzt-tarp.de\/index.php?rest_route=\/wp\/v2\/pages\/343","targetHints":{"allow":["GET"]}}],"collection":[{"href":"https:\/\/www.zahnarzt-tarp.de\/index.php?rest_route=\/wp\/v2\/pages"}],"about":[{"href":"https:\/\/www.zahnarzt-tarp.de\/index.php?rest_route=\/wp\/v2\/types\/page"}],"author":[{"embeddable":true,"href":"https:\/\/www.zahnarzt-tarp.de\/index.php?rest_route=\/wp\/v2\/users\/1"}],"replies":[{"embeddable":true,"href":"https:\/\/www.zahnarzt-tarp.de\/index.php?rest_route=%2Fwp%2Fv2%2Fcomments&post=343"}],"version-history":[{"count":7,"href":"https:\/\/www.zahnarzt-tarp.de\/index.php?rest_route=\/wp\/v2\/pages\/343\/revisions"}],"predecessor-version":[{"id":363,"href":"https:\/\/www.zahnarzt-tarp.de\/index.php?rest_route=\/wp\/v2\/pages\/343\/revisions\/363"}],"wp:attachment":[{"href":"https:\/\/www.zahnarzt-tarp.de\/index.php?rest_route=%2Fwp%2Fv2%2Fmedia&parent=343"}],"curies":[{"name":"wp","href":"https:\/\/api.w.org\/{rel}","templated":true}]}}