{"id":27,"date":"2017-08-30T11:42:16","date_gmt":"2017-08-30T10:42:16","guid":{"rendered":"http:\/\/zahnarzt-tarp.de\/?page_id=27"},"modified":"2017-08-30T18:21:07","modified_gmt":"2017-08-30T17:21:07","slug":"der-erste-termin","status":"publish","type":"page","link":"https:\/\/www.zahnarzt-tarp.de\/?page_id=27","title":{"rendered":"Der erste Termin"},"content":{"rendered":"<p><span style=\"font-family: arial, helvetica, sans-serif;\"><strong><span style=\"text-decoration: underline;\">Heute erwartet Sie:<\/span><\/strong><\/span><\/p>\n<ul>\n<li><span style=\"font-family: arial, helvetica, sans-serif;\">Ein ausf\u00fchrliches Beratungsgespr\u00e4ch<\/span><\/li>\n<li><span style=\"font-family: arial, helvetica, sans-serif;\">Die Erstellung einer Grunddiagnose<\/span><\/li>\n<\/ul>\n<p style=\"text-align: justify;\"><span style=\"font-family: arial, helvetica, sans-serif;\">Nach einem eingehenden Gespr\u00e4ch \u00fcber Ihre W\u00fcnsche und Gr\u00fcnde Ihres Besuchs, ggf. \u00fcber Sorgen und N\u00f6te und Ihre Vorstellungen beginnen wir mit der Erstellung einer Grunddiagnose. <\/span><\/p>\n<p style=\"text-align: justify;\"><span style=\"font-family: arial, helvetica, sans-serif;\">Dazu untersuchen wir die Z\u00e4hne auf vorhandene Restaurationen, also Kronen, F\u00fcllungen, Zahnersatz und\u00a0auf Karies. Selbstverst\u00e4ndlich geh\u00f6rt dazu auch ein Check der Zahnwurzeln, des Zahnhalteapparates, also des funktionellen Verankerungssystems der Z\u00e4hne im Kiefer, der Mundschleimhaut und der Mundhygiene. Wir beraten Sie ausf\u00fchrlich dar\u00fcber, was gut ist, was verbessert werden kann und wo dringender Handlungsbedarf besteht.<\/span><\/p>\n<ul>\n<li><span style=\"font-family: arial, helvetica, sans-serif;\">Danach erstellen wir einen Behandlungsplan<\/span><\/li>\n<\/ul>\n<p style=\"text-align: justify;\"><span style=\"font-family: arial, helvetica, sans-serif;\">Erst dann folgt die Behandlung, nat\u00fcrlich in enger Absprache mit Ihnen. Wann immer Sie etwas nicht verstanden haben, sprechen Sie uns gerne an. Wir erl\u00e4utern Ihnen den Plan solange, bis Sie jeden einzelnen Schritt verstanden haben, damit Sie sich keine unn\u00f6tigen Sorgen machen m\u00fcssen und genau wissen, was Sie erwartet.<\/span><\/p>\n<ul>\n<li><span style=\"font-family: arial, helvetica, sans-serif;\">Nach der Behandlung der akuten Probleme<\/span><\/li>\n<\/ul>\n<p style=\"text-align: justify;\"><span style=\"font-family: arial, helvetica, sans-serif;\">Geht es darum die Mundgesundheit zu erhalten. Dazu erl\u00e4utern wir Ihnen das eigens auf Sie abgestimmte Konzept zum Zahnerhalt. Daf\u00fcr erkl\u00e4ren wir ausf\u00fchrlich, wie Sie die Z\u00e4hne und Zahnfleisch zuhause richtig pflegen k\u00f6nnen. Die regelm\u00e4\u00dfige professionelle Zahnreinigung ist zudem ein wichtiger Beitrag zum Gesunderhalt Ihrer Z\u00e4hne. So kann in vielen F\u00e4llen eine erneute Erkrankung verhindert werden.<\/span><\/p>\n<p><span style=\"font-family: arial, helvetica, sans-serif;\"><strong>&#8230; denn die langfristige Zahnerhaltung Ihrer Z\u00e4hne steht im Mittelpunkt unseres Konzepts,<\/strong> nicht nur die kurzfristige Problembeseitigung.<\/span><\/p>\n","protected":false},"excerpt":{"rendered":"<p>Heute erwartet Sie: Ein ausf\u00fchrliches Beratungsgespr\u00e4ch Die Erstellung einer Grunddiagnose Nach einem eingehenden Gespr\u00e4ch \u00fcber Ihre W\u00fcnsche und Gr\u00fcnde Ihres Besuchs, ggf. \u00fcber Sorgen und N\u00f6te und Ihre Vorstellungen beginnen wir mit der Erstellung einer Grunddiagnose. Dazu untersuchen wir die &hellip; <a href=\"https:\/\/www.zahnarzt-tarp.de\/?page_id=27\">Weiterlesen <span class=\"meta-nav\">&rarr;<\/span><\/a><\/p>\n","protected":false},"author":1,"featured_media":0,"parent":18,"menu_order":0,"comment_status":"closed","ping_status":"closed","template":"","meta":{"footnotes":""},"class_list":["post-27","page","type-page","status-publish","hentry"],"_links":{"self":[{"href":"https:\/\/www.zahnarzt-tarp.de\/index.php?rest_route=\/wp\/v2\/pages\/27","targetHints":{"allow":["GET"]}}],"collection":[{"href":"https:\/\/www.zahnarzt-tarp.de\/index.php?rest_route=\/wp\/v2\/pages"}],"about":[{"href":"https:\/\/www.zahnarzt-tarp.de\/index.php?rest_route=\/wp\/v2\/types\/page"}],"author":[{"embeddable":true,"href":"https:\/\/www.zahnarzt-tarp.de\/index.php?rest_route=\/wp\/v2\/users\/1"}],"replies":[{"embeddable":true,"href":"https:\/\/www.zahnarzt-tarp.de\/index.php?rest_route=%2Fwp%2Fv2%2Fcomments&post=27"}],"version-history":[{"count":2,"href":"https:\/\/www.zahnarzt-tarp.de\/index.php?rest_route=\/wp\/v2\/pages\/27\/revisions"}],"predecessor-version":[{"id":41,"href":"https:\/\/www.zahnarzt-tarp.de\/index.php?rest_route=\/wp\/v2\/pages\/27\/revisions\/41"}],"up":[{"embeddable":true,"href":"https:\/\/www.zahnarzt-tarp.de\/index.php?rest_route=\/wp\/v2\/pages\/18"}],"wp:attachment":[{"href":"https:\/\/www.zahnarzt-tarp.de\/index.php?rest_route=%2Fwp%2Fv2%2Fmedia&parent=27"}],"curies":[{"name":"wp","href":"https:\/\/api.w.org\/{rel}","templated":true}]}}