{"id":20,"date":"2017-08-30T10:54:04","date_gmt":"2017-08-30T09:54:04","guid":{"rendered":"http:\/\/zahnarzt-tarp.de\/?page_id=20"},"modified":"2020-11-04T17:49:52","modified_gmt":"2020-11-04T16:49:52","slug":"service","status":"publish","type":"page","link":"https:\/\/www.zahnarzt-tarp.de\/?page_id=20","title":{"rendered":"Service"},"content":{"rendered":"<ul>\n<li><span style=\"font-family: georgia, palatino, serif;\">Lange arbeitnehmerfreundliche \u00d6ffnungszeiten<\/span><\/li>\n<li><span style=\"font-family: georgia, palatino, serif;\"> Termine (nach Absprache) sogar am Samstag<\/span><\/li>\n<li><span style=\"font-family: georgia, palatino, serif;\">Terminerinnerungen: Recall-Service<\/span><\/li>\n<li><span style=\"font-family: georgia, palatino, serif;\">Hausbesuche, wenn Sie einmal wirklich nicht zu uns kommen k\u00f6nnen<\/span><\/li>\n<li><span style=\"font-family: georgia, palatino, serif;\"><strong>Alle Kostenvoranschl\u00e4ge sind verl\u00e4sslich!<\/strong><\/span><\/li>\n<li><span style=\"font-family: georgia, palatino, serif;\">Angebote f\u00fcr Sch\u00fcler, Studenten und Auszubildende<\/span><\/li>\n<li><span style=\"font-family: georgia, palatino, serif;\">9 Monate kostenlose Ratenzahlung \u00fcber unser Abrechnungszentrum<\/span><\/li>\n<li><span style=\"font-family: georgia, palatino, serif;\">Bei uns k\u00f6nnen Sie bargeldlos mit EC-Karte zahlen<\/span><\/li>\n<li><span style=\"font-family: georgia, palatino, serif;\">In unserem Prophylaxeshop k\u00f6nnen Sie fast alle Dinge kaufen, die Sie zur richtigen Zahnreinigung zuhause brauchen.<\/span><\/li>\n<\/ul>\n<ul>\n<li><span style=\"font-family: georgia, palatino, serif;\">Und: Wir halten nat\u00fcrlich das lokale Mineralwasser im Wartezimmer f\u00fcr Sie bereit ;-).<\/span><\/li>\n<\/ul>\n<p><span style=\"font-family: georgia, palatino, serif;\"><strong>Wussten Sie schon?<\/strong><\/span><\/p>\n<ul>\n<li><span style=\"font-family: georgia, palatino, serif;\">Kinder zwischen 6-17 Jahren erhalten von der Krankenkasse halbj\u00e4hrlich eine Individualprophylaxe.<\/span><\/li>\n<li><span style=\"font-family: georgia, palatino, serif;\">Die Kosten der Individualprophylaxe werden von der gesetzlichen Krankenversicherung vollst\u00e4ndig \u00fcbernommen.<\/span><\/li>\n<li><span style=\"font-family: georgia, palatino, serif;\">Unsere Praxis verwendet nur gr\u00fcnen Strom.<\/span><\/li>\n<li><span style=\"font-family: georgia, palatino, serif;\"><span style=\"font-family: georgia, palatino, serif;\">Wir halten Gutscheine als Geschenkidee bereit: Verschenken Sie doch einfach mal eine professionelle Zahnreinigung.<\/span><\/span><\/li>\n<li><span style=\"font-family: georgia, palatino, serif;\">Ihr Lob und Ihre Kritik gehen in unser Qualit\u00e4tsmanagement mit ein. Bitte scheuen Sie sich nicht, diese zu \u00e4u\u00dfern.&nbsp;<\/span><\/li>\n<\/ul>\n\n\n<div class=\"wp-block-media-text alignwide has-media-on-the-right\"><figure class=\"wp-block-media-text__media\"><img loading=\"lazy\" decoding=\"async\" width=\"1024\" height=\"292\" src=\"https:\/\/www.zahnarzt-tarp.de\/wp-content\/uploads\/2020\/11\/5-Stoppt-Parodontitis-eine-Aktion-von-Ankerzahn-e.-V.-1-1024x292.jpg\" alt=\"\" class=\"wp-image-661\" srcset=\"https:\/\/www.zahnarzt-tarp.de\/wp-content\/uploads\/2020\/11\/5-Stoppt-Parodontitis-eine-Aktion-von-Ankerzahn-e.-V.-1-1024x292.jpg 1024w, https:\/\/www.zahnarzt-tarp.de\/wp-content\/uploads\/2020\/11\/5-Stoppt-Parodontitis-eine-Aktion-von-Ankerzahn-e.-V.-1-300x86.jpg 300w, https:\/\/www.zahnarzt-tarp.de\/wp-content\/uploads\/2020\/11\/5-Stoppt-Parodontitis-eine-Aktion-von-Ankerzahn-e.-V.-1-768x219.jpg 768w, https:\/\/www.zahnarzt-tarp.de\/wp-content\/uploads\/2020\/11\/5-Stoppt-Parodontitis-eine-Aktion-von-Ankerzahn-e.-V.-1.jpg 1055w\" sizes=\"auto, (max-width: 1024px) 100vw, 1024px\" \/><\/figure><div class=\"wp-block-media-text__content\">\n<ul class=\"wp-block-list\"><li>Wir verwenden in der Parodontitisaufkl\u00e4rung die Flyer des Vereins &#8222;Ankerzahn e.V.&#8220;, weil diese besonders gut sind. Zahlreiche weitere n\u00fctzliche Informationen zur Parodontitisbehandlung, zu allgemeinen Irrt\u00fcmern und \u00a0zur Mundgesundheit finden Sie auf dieser <a href=\"http:\/\/www.ankerzahn.de\">Website<\/a>.<\/li><\/ul>\n<\/div><\/div>\n\n\n\n<p>F\u00fcr alle W\u00fcnsche und Anregungen, alle Fragen und Sorgen stehen wir Ihnen gerne zur Verf\u00fcgung, sprechen Sie uns einfach an!<\/p>\n\n\n\n<p><\/p>\n","protected":false},"excerpt":{"rendered":"<p>Lange arbeitnehmerfreundliche \u00d6ffnungszeiten Termine (nach Absprache) sogar am Samstag Terminerinnerungen: Recall-Service Hausbesuche, wenn Sie einmal wirklich nicht zu uns kommen k\u00f6nnen Alle Kostenvoranschl\u00e4ge sind verl\u00e4sslich! Angebote f\u00fcr Sch\u00fcler, Studenten und Auszubildende 9 Monate kostenlose Ratenzahlung \u00fcber unser Abrechnungszentrum Bei uns &hellip; <a href=\"https:\/\/www.zahnarzt-tarp.de\/?page_id=20\">Weiterlesen <span class=\"meta-nav\">&rarr;<\/span><\/a><\/p>\n","protected":false},"author":1,"featured_media":0,"parent":0,"menu_order":0,"comment_status":"closed","ping_status":"closed","template":"","meta":{"footnotes":""},"class_list":["post-20","page","type-page","status-publish","hentry"],"_links":{"self":[{"href":"https:\/\/www.zahnarzt-tarp.de\/index.php?rest_route=\/wp\/v2\/pages\/20","targetHints":{"allow":["GET"]}}],"collection":[{"href":"https:\/\/www.zahnarzt-tarp.de\/index.php?rest_route=\/wp\/v2\/pages"}],"about":[{"href":"https:\/\/www.zahnarzt-tarp.de\/index.php?rest_route=\/wp\/v2\/types\/page"}],"author":[{"embeddable":true,"href":"https:\/\/www.zahnarzt-tarp.de\/index.php?rest_route=\/wp\/v2\/users\/1"}],"replies":[{"embeddable":true,"href":"https:\/\/www.zahnarzt-tarp.de\/index.php?rest_route=%2Fwp%2Fv2%2Fcomments&post=20"}],"version-history":[{"count":28,"href":"https:\/\/www.zahnarzt-tarp.de\/index.php?rest_route=\/wp\/v2\/pages\/20\/revisions"}],"predecessor-version":[{"id":693,"href":"https:\/\/www.zahnarzt-tarp.de\/index.php?rest_route=\/wp\/v2\/pages\/20\/revisions\/693"}],"wp:attachment":[{"href":"https:\/\/www.zahnarzt-tarp.de\/index.php?rest_route=%2Fwp%2Fv2%2Fmedia&parent=20"}],"curies":[{"name":"wp","href":"https:\/\/api.w.org\/{rel}","templated":true}]}}