{"id":18,"date":"2017-08-30T10:34:16","date_gmt":"2017-08-30T09:34:16","guid":{"rendered":"http:\/\/zahnarzt-tarp.de\/?page_id=18"},"modified":"2017-12-28T13:14:53","modified_gmt":"2017-12-28T12:14:53","slug":"fuer-neupatienten","status":"publish","type":"page","link":"https:\/\/www.zahnarzt-tarp.de\/?page_id=18","title":{"rendered":"F\u00fcr Neupatienten"},"content":{"rendered":"<p><span style=\"font-family: tahoma, arial, helvetica, sans-serif;\">Sie suchen einen neuen Zahnarzt oder haben Ihren ersten Termin bei uns? Auf dieser Seite k\u00f6nnen Sie sich vorab informieren, was Sie bei uns erwartet.<\/span><\/p>\n<p><span style=\"font-family: tahoma, arial, helvetica, sans-serif;\">Schauen Sie sich vorab unsere <a href=\"http:\/\/www.zahnarzt-tarp.de\/?page_id=343\">R\u00e4ume<\/a> an.\u00a0<\/span><\/p>\n<p><span style=\"font-family: tahoma, arial, helvetica, sans-serif;\">Hier finden Sie alle Infos zu:<\/span><\/p>\n<ul>\n<li><span style=\"font-family: tahoma, arial, helvetica, sans-serif;\"><a href=\"http:\/\/www.zahnarzt-tarp.de\/?page_id=191\">Unserem Team<\/a>, <a href=\"http:\/\/www.zahnarzt-tarp.de\/?page_id=209\">den \u00c4rzten<\/a> und <a href=\"http:\/\/www.zahnarzt-tarp.de\/?page_id=365\">der Ausstattung<\/a><\/span><\/li>\n<li><a href=\"http:\/\/www.zahnarzt-tarp.de\/?page_id=27\"><span style=\"font-family: tahoma, arial, helvetica, sans-serif;\">Dem Ablauf der ersten Behandlung<\/span><\/a><\/li>\n<li><a href=\"http:\/\/www.zahnarzt-tarp.de\/?page_id=14\"><span style=\"font-family: tahoma, arial, helvetica, sans-serif;\">Unseren Leistungen<\/span><\/a><\/li>\n<li><a href=\"http:\/\/www.zahnarzt-tarp.de\/?page_id=31\"><span style=\"font-family: tahoma, arial, helvetica, sans-serif;\">Unsere Kompetenz<\/span><\/a><\/li>\n<\/ul>\n<p><span style=\"font-family: tahoma, arial, helvetica, sans-serif;\">Das brauchen Sie f\u00fcr den ersten Besuch bei uns:<\/span><\/p>\n<ul>\n<li><span style=\"font-family: tahoma, arial, helvetica, sans-serif;\">Ihre Versichertenkarte (gesetzlich Versicherte).<\/span><\/li>\n<li><span style=\"font-family: tahoma, arial, helvetica, sans-serif;\">Das Bonusheft, falls vorhanden, sonst stellen wir gerne ein neues aus.<\/span><\/li>\n<li><span style=\"font-family: tahoma, arial, helvetica, sans-serif;\">Einen R\u00f6ntgenpass, wenn Sie keinen besitzen stellen wir gerne einen aus.<\/span><\/li>\n<li><span style=\"font-family: tahoma, arial, helvetica, sans-serif;\">Eine Liste der Medikamente, die Sie regelm\u00e4\u00dfig einnehmen m\u00fcssen.<\/span><\/li>\n<li><span style=\"font-family: tahoma, arial, helvetica, sans-serif;\">Bei Unvertr\u00e4glichkeiten: Einen Allergiepass.<\/span><\/li>\n<\/ul>\n<p><span style=\"font-family: tahoma, arial, helvetica, sans-serif;\">Damit Sie den Anamnesebogen in aller Ruhe ausf\u00fcllen k\u00f6nnen, haben wir ihn hier (coming soon) zum Download hinterlegt. Selbstverst\u00e4ndlich halten wir aber auch B\u00f6gen bei der Anmeldung f\u00fcr Sie bereit.<\/span><\/p>\n<p>&nbsp;<\/p>\n<p><span style=\"font-family: tahoma, arial, helvetica, sans-serif;\">Bald gibt es hier auch: Anfahrtsskizze, Anamnesebogen<\/span><\/p>\n","protected":false},"excerpt":{"rendered":"<p>Sie suchen einen neuen Zahnarzt oder haben Ihren ersten Termin bei uns? Auf dieser Seite k\u00f6nnen Sie sich vorab informieren, was Sie bei uns erwartet. Schauen Sie sich vorab unsere R\u00e4ume an.\u00a0 Hier finden Sie alle Infos zu: Unserem Team, &hellip; <a href=\"https:\/\/www.zahnarzt-tarp.de\/?page_id=18\">Weiterlesen <span class=\"meta-nav\">&rarr;<\/span><\/a><\/p>\n","protected":false},"author":1,"featured_media":0,"parent":0,"menu_order":0,"comment_status":"closed","ping_status":"closed","template":"","meta":{"footnotes":""},"class_list":["post-18","page","type-page","status-publish","hentry"],"_links":{"self":[{"href":"https:\/\/www.zahnarzt-tarp.de\/index.php?rest_route=\/wp\/v2\/pages\/18","targetHints":{"allow":["GET"]}}],"collection":[{"href":"https:\/\/www.zahnarzt-tarp.de\/index.php?rest_route=\/wp\/v2\/pages"}],"about":[{"href":"https:\/\/www.zahnarzt-tarp.de\/index.php?rest_route=\/wp\/v2\/types\/page"}],"author":[{"embeddable":true,"href":"https:\/\/www.zahnarzt-tarp.de\/index.php?rest_route=\/wp\/v2\/users\/1"}],"replies":[{"embeddable":true,"href":"https:\/\/www.zahnarzt-tarp.de\/index.php?rest_route=%2Fwp%2Fv2%2Fcomments&post=18"}],"version-history":[{"count":16,"href":"https:\/\/www.zahnarzt-tarp.de\/index.php?rest_route=\/wp\/v2\/pages\/18\/revisions"}],"predecessor-version":[{"id":401,"href":"https:\/\/www.zahnarzt-tarp.de\/index.php?rest_route=\/wp\/v2\/pages\/18\/revisions\/401"}],"wp:attachment":[{"href":"https:\/\/www.zahnarzt-tarp.de\/index.php?rest_route=%2Fwp%2Fv2%2Fmedia&parent=18"}],"curies":[{"name":"wp","href":"https:\/\/api.w.org\/{rel}","templated":true}]}}