{"id":16,"date":"2017-08-30T10:13:28","date_gmt":"2017-08-30T09:13:28","guid":{"rendered":"http:\/\/zahnarzt-tarp.de\/?page_id=16"},"modified":"2017-11-29T21:32:51","modified_gmt":"2017-11-29T20:32:51","slug":"qualitaet","status":"publish","type":"page","link":"https:\/\/www.zahnarzt-tarp.de\/?page_id=16","title":{"rendered":"Qualit\u00e4t"},"content":{"rendered":"<p style=\"text-align: justify;\"><span style=\"font-family: tahoma, arial, helvetica, sans-serif;\"><strong>Qualit\u00e4tsmanagement:\u00a0<\/strong>Seit der vollst\u00e4ndigen Praxis\u00fcbernahme durch Momme Tralau im April 2010 wurde ein Qualit\u00e4tsmanagement etabliert, das bis heute eine reibungslose Behandlung und Verwaltung sichert. An regelm\u00e4\u00dfig stattfindenden Praxistagen tauscht sich das ganze Team fachlich aus, \u00fcberpr\u00fcft die Arbeitsabl\u00e4ufe, entwickelt sie weiter und verbessert so kontinuierlich seine Arbeit. Ein externes Expertenteam unterst\u00fctzt uns dabei. Regelm\u00e4\u00dfig lassen wir unsere Arbeit von diesem beobachten und erhalten anschlie\u00dfend Anregungen, um unsere Patientenversorgung und uns st\u00e4ndig zu verbessern. In diesen Prozess des gelebten Qualit\u00e4tsmanagements gehen Ihr Lob und Ihre Kritik selbstverst\u00e4ndlich mit ein. F\u00fcllen Sie gerne den im Wartezimmer ausliegenden Feedbackbogen aus und werfen Sie ihn dort in den Briefkasten.<\/span><\/p>\n<p><span style=\"font-family: tahoma, arial, helvetica, sans-serif;\">Ergebnis dieser Arbeit sind Checklisten und Arbeitsanweisungen, die die Abl\u00e4ufe in unserer Praxis optimieren, \u00fcberpr\u00fcfen und dokumentieren.<\/span><\/p>\n<p style=\"text-align: justify;\"><span style=\"font-family: tahoma, arial, helvetica, sans-serif;\"><strong>Qualit\u00e4tssicherung:\u00a0<\/strong>Wir versichern Ihnen, dass Sie als Patient unserer Praxis, wenn Sie es w\u00fcnschen, mit den besten Methoden und Materialien der Hochleistungsmedizin behandelt werden. Dabei ist uns die perfekte Hygiene bei allen Eingriffen eine Selbstverst\u00e4ndlichkeit. Die stete Qualit\u00e4tssicherung ist uns Anspruch und Verpflichtung zugleich, das Ergebnis und den Erfolg unserer Arbeit \u00fcberpr\u00fcfen wir regelm\u00e4\u00dfig und gewissenhaft.<\/span><\/p>\n<p style=\"text-align: justify;\"><span style=\"font-family: tahoma, arial, helvetica, sans-serif;\">Denn Ihre Zahngesundheit ist eine Lebensqualit\u00e4t, die wir verbessern und erhalten wollen.<\/span><\/p>\n<p style=\"text-align: justify;\"><span style=\"font-family: tahoma, arial, helvetica, sans-serif;\">Unsere Praxis h\u00e4lt sich streng an die vom Robert-Koch-Institut vorgegebenen Hygienerichtlinien f\u00fcr Zahnarztpraxen und erweitert diese an vielen Punkten, damit sie unseren Anspr\u00fcchen gen\u00fcgen.<br \/>\n<\/span><span style=\"font-family: tahoma, arial, helvetica, sans-serif;\">Dazu geh\u00f6ren die pers\u00f6nlichen Hygienema\u00dfnahmen des Teams, die hygienisch saubere Aufbereitung eines Behandlungszimmers nach jedem Patienten, die Entnahme aller erforderlichen Instrumente aus sterilen Verpackungen und die Verwendung von Einmalartikeln, wo eine Hygiene dies erforderlich macht. Die perfekte Hygiene liegt im Detail und das liegt uns am Herzen.<br \/>\n<\/span><span style=\"font-family: tahoma, arial, helvetica, sans-serif;\">Selbstverst\u00e4ndlich protokollieren wir die Reinigung, Desinfektion und Sterilisation, sowie die Zuordnung eines jeden Instrumentes zu den Patienten. So k\u00f6nnen wir Ihnen bei jedem chirurgischen Eingriff genau sagen, welches Instrument bei Ihnen verwendet wurde, wann es und von wem es wie aufbereitet wurde.<\/span><\/p>\n","protected":false},"excerpt":{"rendered":"<p>Qualit\u00e4tsmanagement:\u00a0Seit der vollst\u00e4ndigen Praxis\u00fcbernahme durch Momme Tralau im April 2010 wurde ein Qualit\u00e4tsmanagement etabliert, das bis heute eine reibungslose Behandlung und Verwaltung sichert. An regelm\u00e4\u00dfig stattfindenden Praxistagen tauscht sich das ganze Team fachlich aus, \u00fcberpr\u00fcft die Arbeitsabl\u00e4ufe, entwickelt sie weiter &hellip; <a href=\"https:\/\/www.zahnarzt-tarp.de\/?page_id=16\">Weiterlesen <span class=\"meta-nav\">&rarr;<\/span><\/a><\/p>\n","protected":false},"author":1,"featured_media":0,"parent":0,"menu_order":0,"comment_status":"closed","ping_status":"closed","template":"","meta":{"footnotes":""},"class_list":["post-16","page","type-page","status-publish","hentry"],"_links":{"self":[{"href":"https:\/\/www.zahnarzt-tarp.de\/index.php?rest_route=\/wp\/v2\/pages\/16","targetHints":{"allow":["GET"]}}],"collection":[{"href":"https:\/\/www.zahnarzt-tarp.de\/index.php?rest_route=\/wp\/v2\/pages"}],"about":[{"href":"https:\/\/www.zahnarzt-tarp.de\/index.php?rest_route=\/wp\/v2\/types\/page"}],"author":[{"embeddable":true,"href":"https:\/\/www.zahnarzt-tarp.de\/index.php?rest_route=\/wp\/v2\/users\/1"}],"replies":[{"embeddable":true,"href":"https:\/\/www.zahnarzt-tarp.de\/index.php?rest_route=%2Fwp%2Fv2%2Fcomments&post=16"}],"version-history":[{"count":15,"href":"https:\/\/www.zahnarzt-tarp.de\/index.php?rest_route=\/wp\/v2\/pages\/16\/revisions"}],"predecessor-version":[{"id":395,"href":"https:\/\/www.zahnarzt-tarp.de\/index.php?rest_route=\/wp\/v2\/pages\/16\/revisions\/395"}],"wp:attachment":[{"href":"https:\/\/www.zahnarzt-tarp.de\/index.php?rest_route=%2Fwp%2Fv2%2Fmedia&parent=16"}],"curies":[{"name":"wp","href":"https:\/\/api.w.org\/{rel}","templated":true}]}}