{"id":14,"date":"2017-08-30T10:02:48","date_gmt":"2017-08-30T09:02:48","guid":{"rendered":"http:\/\/zahnarzt-tarp.de\/?page_id=14"},"modified":"2018-05-22T20:16:36","modified_gmt":"2018-05-22T19:16:36","slug":"leistungen","status":"publish","type":"page","link":"https:\/\/www.zahnarzt-tarp.de\/?page_id=14","title":{"rendered":"Leistungen"},"content":{"rendered":"<ul>\n<li><span style=\"font-family: tahoma, arial, helvetica, sans-serif;\">Befundung und Behandlung immer mit Lupenbrille!<\/span><\/li>\n<li><span style=\"font-family: tahoma, arial, helvetica, sans-serif;\">Prophylaxe &amp; Professionelle Zahnreinigung <\/span><span style=\"font-family: tahoma, arial, helvetica, sans-serif;\">(Pulverstrahlreinigung mit Glycin<em>: gewebeschonend, kein Zahnabtrag)<\/em><\/span><\/li>\n<li><span style=\"font-family: tahoma, arial, helvetica, sans-serif;\">Kinderzahnheilkunde\/Kinderprophylaxe<\/span><\/li>\n<li><span style=\"font-family: tahoma, arial, helvetica, sans-serif;\">Seniorenzahnmedizin<\/span><\/li>\n<li><span style=\"font-family: tahoma, arial, helvetica, sans-serif;\">Zahnerhaltung<\/span><\/li>\n<li><span style=\"font-family: tahoma, arial, helvetica, sans-serif;\">Oralchirurgie <em>(Extraktion, Probenentnahme, Parodontalchirurgie)<\/em><\/span><\/li>\n<li><span style=\"font-family: tahoma, arial, helvetica, sans-serif;\">Laserbehandlung <em>(in der Chirurgie, bei Parodontitis und in der Endodontie)<\/em><\/span><\/li>\n<li><span style=\"font-family: tahoma, arial, helvetica, sans-serif;\">Mikroskop f\u00fcr OP und Endodontie <em>(Behandlung des Wurzelkanalsystems)<\/em><\/span><\/li>\n<li><span style=\"font-family: tahoma, arial, helvetica, sans-serif;\">Minimalinvasive F\u00fcllungstherapie <em>(u.a. mit schallgetriebener Pr\u00e4paration, die weniger Abtrag des gesunden Zahnes garantiert und kleinfl\u00e4chigere Arbeiten erm\u00f6glicht)<\/em><\/span><\/li>\n<li><span style=\"font-family: tahoma, arial, helvetica, sans-serif;\">Zahnersatz: festsitzend und herausnehmbar <em>(galvanische Br\u00fccken, Vollkeramik Zahnersatz (Zirkonoxid, LithiumDisilikat, etc.))<\/em><\/span><\/li>\n<li><span style=\"font-family: tahoma, arial, helvetica, sans-serif;\">Implantate<\/span><\/li>\n<li><span style=\"font-family: tahoma, arial, helvetica, sans-serif;\">Knochenaufbau<\/span><\/li>\n<li><span style=\"font-family: tahoma, arial, helvetica, sans-serif;\">CAD\/CAM &#8211;\u00a0<\/span><em style=\"font-family: tahoma, arial, helvetica, sans-serif;\">Digital gefertigter Zahnersatz\u00a0&#8211; <em>Zahnersatz auch an einem Tag<\/em><\/em><\/li>\n<li><span style=\"font-family: tahoma, arial, helvetica, sans-serif;\">Inlays <em>(Einlagef\u00fcllungen)<\/em><\/span><\/li>\n<li><span style=\"font-family: tahoma, arial, helvetica, sans-serif;\">Veneers <em>(Verblendschalen (auch ohne Zahnbeschleifen: non-prep))<\/em><\/span><\/li>\n<li><span style=\"font-family: tahoma, arial, helvetica, sans-serif;\">Onlays <em>(Kaufl\u00e4chenrekonstruktion)<\/em><\/span><\/li>\n<li><span style=\"font-family: tahoma, arial, helvetica, sans-serif;\">Wurzelbehandlung\/Wurzelkanalbehandlung<\/span><\/li>\n<li><span style=\"font-family: tahoma, arial, helvetica, sans-serif;\">Parodontitisbehandlung <em>(Parodontalchirurgie, Behandlung von Halitosis (Mundgeruch), Gingivitis (Vorstufe der Parodontitis), Parodontitis (Zahnfleischentz\u00fcndung &#8211; Knochenabbau))<\/em><\/span><\/li>\n<li><span style=\"font-family: tahoma, arial, helvetica, sans-serif;\">Z\u00e4hneknirschen <em>(Abrasionsgebiss)<\/em><\/span><\/li>\n<li><span style=\"font-family: tahoma, arial, helvetica, sans-serif;\">Antischnarchschiene <em>(nach Diagnose eines Schlaflabors)<\/em><\/span><\/li>\n<li><span style=\"font-family: tahoma, arial, helvetica, sans-serif;\">Sportmundschutz <em>(auch mit individuellem Logo!)<\/em><\/span><\/li>\n<li><span style=\"font-family: tahoma, arial, helvetica, sans-serif;\">Amalgamsanierungen<\/span><\/li>\n<li><span style=\"font-family: tahoma, arial, helvetica, sans-serif;\">Digitaler Interoraler Scan <em>(Zahnersatz ohne Abdruck mit dem L\u00f6ffel)<\/em><\/span><\/li>\n<li><span style=\"font-family: tahoma, arial, helvetica, sans-serif;\">Kofferdam <em>(Spanngummi zur Isolierung des Arbeitsgebietes vom Rest der Mundh\u00f6hle)<\/em><\/span><\/li>\n<li><span style=\"font-family: tahoma, arial, helvetica, sans-serif;\">Digitales R\u00f6ntgen <em>(erm\u00f6glicht es den Befund sofort am Monitor zu besprechen)<\/em><\/span><\/li>\n<li><span style=\"font-family: tahoma, arial, helvetica, sans-serif;\">Intraorale Kamera<em> (erm\u00f6glicht es Ihnen Ihren Zahn vergr\u00f6\u00dfert auf dem Monitor zu sehen, sodass genauer erkl\u00e4rt werden kann, was zu tun ist)<\/em><\/span><\/li>\n<li><span style=\"font-family: tahoma, arial, helvetica, sans-serif;\">Fluoreszenz gest\u00fctzte Kariesdiagnostik<\/span><\/li>\n<li><span style=\"font-family: tahoma, arial, helvetica, sans-serif;\">Zahnschonendes Bleaching <em>(Aufhellen der Z\u00e4hne)<\/em><\/span><\/li>\n<li><span style=\"font-family: tahoma, arial, helvetica, sans-serif;\">Zahnschmuck <em>(z.B. Steinchen)<\/em><\/span><\/li>\n<\/ul>\n<p><span style=\"font-family: tahoma, arial, helvetica, sans-serif;\">Alle Markennamen wurden aus rechtlichen Gr\u00fcnden entfernt und &#8222;\u00fcbersetzt&#8220;, gerne stehen wir f\u00fcr Fragen zu Verf\u00fcgung.<\/span><\/p>\n","protected":false},"excerpt":{"rendered":"<p>Befundung und Behandlung immer mit Lupenbrille! Prophylaxe &amp; Professionelle Zahnreinigung (Pulverstrahlreinigung mit Glycin: gewebeschonend, kein Zahnabtrag) Kinderzahnheilkunde\/Kinderprophylaxe Seniorenzahnmedizin Zahnerhaltung Oralchirurgie (Extraktion, Probenentnahme, Parodontalchirurgie) Laserbehandlung (in der Chirurgie, bei Parodontitis und in der Endodontie) Mikroskop f\u00fcr OP und Endodontie (Behandlung des &hellip; <a href=\"https:\/\/www.zahnarzt-tarp.de\/?page_id=14\">Weiterlesen <span class=\"meta-nav\">&rarr;<\/span><\/a><\/p>\n","protected":false},"author":1,"featured_media":0,"parent":0,"menu_order":0,"comment_status":"closed","ping_status":"closed","template":"","meta":{"footnotes":""},"class_list":["post-14","page","type-page","status-publish","hentry"],"_links":{"self":[{"href":"https:\/\/www.zahnarzt-tarp.de\/index.php?rest_route=\/wp\/v2\/pages\/14","targetHints":{"allow":["GET"]}}],"collection":[{"href":"https:\/\/www.zahnarzt-tarp.de\/index.php?rest_route=\/wp\/v2\/pages"}],"about":[{"href":"https:\/\/www.zahnarzt-tarp.de\/index.php?rest_route=\/wp\/v2\/types\/page"}],"author":[{"embeddable":true,"href":"https:\/\/www.zahnarzt-tarp.de\/index.php?rest_route=\/wp\/v2\/users\/1"}],"replies":[{"embeddable":true,"href":"https:\/\/www.zahnarzt-tarp.de\/index.php?rest_route=%2Fwp%2Fv2%2Fcomments&post=14"}],"version-history":[{"count":22,"href":"https:\/\/www.zahnarzt-tarp.de\/index.php?rest_route=\/wp\/v2\/pages\/14\/revisions"}],"predecessor-version":[{"id":470,"href":"https:\/\/www.zahnarzt-tarp.de\/index.php?rest_route=\/wp\/v2\/pages\/14\/revisions\/470"}],"wp:attachment":[{"href":"https:\/\/www.zahnarzt-tarp.de\/index.php?rest_route=%2Fwp%2Fv2%2Fmedia&parent=14"}],"curies":[{"name":"wp","href":"https:\/\/api.w.org\/{rel}","templated":true}]}}